{"id":1204,"date":"2023-03-11T21:09:16","date_gmt":"2023-03-11T21:09:16","guid":{"rendered":"https:\/\/poloniarestaurant.co.uk\/?page_id=1204"},"modified":"2023-03-12T19:12:41","modified_gmt":"2023-03-12T19:12:41","slug":"resturacja-zdjecia","status":"publish","type":"page","link":"https:\/\/poloniarestaurant.co.uk\/?page_id=1204","title":{"rendered":"Restauracja zdjecia"},"content":{"rendered":"\t\t<div data-elementor-type=\"wp-page\" data-elementor-id=\"1204\" class=\"elementor elementor-1204\">\n\t\t\t\t\t\t<section class=\"elementor-section elementor-top-section elementor-element elementor-element-d85e903 elementor-section-boxed elementor-section-height-default elementor-section-height-default\" data-id=\"d85e903\" data-element_type=\"section\">\n\t\t\t\t\t\t<div class=\"elementor-container elementor-column-gap-default\">\n\t\t\t\t\t<div class=\"elementor-column elementor-col-100 elementor-top-column elementor-element elementor-element-af0e73d\" data-id=\"af0e73d\" data-element_type=\"column\">\n\t\t\t<div class=\"elementor-widget-wrap elementor-element-populated\">\n\t\t\t\t\t\t<div class=\"elementor-element elementor-element-92e1c8f elementor-hidden-tablet elementor-hidden-mobile elementor-widget elementor-widget-spacer\" data-id=\"92e1c8f\" data-element_type=\"widget\" data-widget_type=\"spacer.default\">\n\t\t\t\t<div class=\"elementor-widget-container\">\n\t\t\t<style>\/*! elementor - v3.20.0 - 26-03-2024 *\/\n.elementor-column .elementor-spacer-inner{height:var(--spacer-size)}.e-con{--container-widget-width:100%}.e-con-inner>.elementor-widget-spacer,.e-con>.elementor-widget-spacer{width:var(--container-widget-width,var(--spacer-size));--align-self:var(--container-widget-align-self,initial);--flex-shrink:0}.e-con-inner>.elementor-widget-spacer>.elementor-widget-container,.e-con>.elementor-widget-spacer>.elementor-widget-container{height:100%;width:100%}.e-con-inner>.elementor-widget-spacer>.elementor-widget-container>.elementor-spacer,.e-con>.elementor-widget-spacer>.elementor-widget-container>.elementor-spacer{height:100%}.e-con-inner>.elementor-widget-spacer>.elementor-widget-container>.elementor-spacer>.elementor-spacer-inner,.e-con>.elementor-widget-spacer>.elementor-widget-container>.elementor-spacer>.elementor-spacer-inner{height:var(--container-widget-height,var(--spacer-size))}.e-con-inner>.elementor-widget-spacer.elementor-widget-empty,.e-con>.elementor-widget-spacer.elementor-widget-empty{position:relative;min-height:22px;min-width:22px}.e-con-inner>.elementor-widget-spacer.elementor-widget-empty .elementor-widget-empty-icon,.e-con>.elementor-widget-spacer.elementor-widget-empty .elementor-widget-empty-icon{position:absolute;top:0;bottom:0;left:0;right:0;margin:auto;padding:0;width:22px;height:22px}<\/style>\t\t<div class=\"elementor-spacer\">\n\t\t\t<div class=\"elementor-spacer-inner\"><\/div>\n\t\t<\/div>\n\t\t\t\t<\/div>\n\t\t\t\t<\/div>\n\t\t\t\t\t<\/div>\n\t\t<\/div>\n\t\t\t\t\t<\/div>\n\t\t<\/section>\n\t\t\t\t<section class=\"elementor-section elementor-top-section elementor-element elementor-element-c958a97 elementor-section-boxed elementor-section-height-default elementor-section-height-default\" data-id=\"c958a97\" data-element_type=\"section\">\n\t\t\t\t\t\t<div class=\"elementor-container elementor-column-gap-default\">\n\t\t\t\t\t<div class=\"elementor-column elementor-col-100 elementor-top-column elementor-element elementor-element-787bb5f\" data-id=\"787bb5f\" data-element_type=\"column\">\n\t\t\t<div class=\"elementor-widget-wrap elementor-element-populated\">\n\t\t\t\t\t\t<div class=\"elementor-element elementor-element-0293440 elementor-hidden-desktop elementor-hidden-tablet elementor-widget elementor-widget-image\" data-id=\"0293440\" data-element_type=\"widget\" data-widget_type=\"image.default\">\n\t\t\t\t<div class=\"elementor-widget-container\">\n\t\t\t<style>\/*! elementor - v3.20.0 - 26-03-2024 *\/\n.elementor-widget-image{text-align:center}.elementor-widget-image a{display:inline-block}.elementor-widget-image a img[src$=\".svg\"]{width:48px}.elementor-widget-image img{vertical-align:middle;display:inline-block}<\/style>\t\t\t\t\t\t\t\t\t\t<img decoding=\"async\" width=\"120\" height=\"108\" src=\"https:\/\/poloniarestaurant.co.uk\/wp-content\/uploads\/2023\/02\/polonia-logo-srednie-e1676576640315.png\" class=\"attachment-large size-large wp-image-284\" alt=\"U\u015bmi\u0119chi\u0119ty polski kucharz. Logo restauracji Polonia w Tipton - Midlands, UK\" \/>\t\t\t\t\t\t\t\t\t\t\t\t\t<\/div>\n\t\t\t\t<\/div>\n\t\t\t\t\t<\/div>\n\t\t<\/div>\n\t\t\t\t\t<\/div>\n\t\t<\/section>\n\t\t\t\t<section class=\"elementor-section elementor-top-section elementor-element elementor-element-cf43eae elementor-section-boxed elementor-section-height-default elementor-section-height-default\" data-id=\"cf43eae\" data-element_type=\"section\">\n\t\t\t\t\t\t<div class=\"elementor-container elementor-column-gap-default\">\n\t\t\t\t\t<div class=\"elementor-column elementor-col-100 elementor-top-column elementor-element elementor-element-9ed54d1\" data-id=\"9ed54d1\" data-element_type=\"column\">\n\t\t\t<div class=\"elementor-widget-wrap elementor-element-populated\">\n\t\t\t\t\t\t<div class=\"elementor-element elementor-element-192baf2 elementor-widget elementor-widget-prime-slider-sniper\" data-id=\"192baf2\" data-element_type=\"widget\" data-widget_type=\"prime-slider-sniper.default\">\n\t\t\t\t<div class=\"elementor-widget-container\">\n\t\t\t\t\t<div id=\"bdt-prime-slider-192baf2\" class=\"bdt-sniper-slider elementor-swiper\" data-settings=\"{&quot;autoplay&quot;:{&quot;delay&quot;:5000},&quot;loop&quot;:true,&quot;speed&quot;:900,&quot;effect&quot;:&quot;slide&quot;,&quot;gl&quot;:{&quot;shader&quot;:&quot;random&quot;},&quot;fadeEffect&quot;:{&quot;crossFade&quot;:true},&quot;lazy&quot;:{&quot;loadPrevNext&quot;:&quot;true&quot;},&quot;parallax&quot;:true,&quot;watchSlidesProgress&quot;:true,&quot;grabCursor&quot;:true,&quot;slidesPerView&quot;:1,&quot;loopedSlides&quot;:4,&quot;scrollbar&quot;:{&quot;el&quot;:&quot;#bdt-prime-slider-192baf2 .swiper-scrollbar&quot;},&quot;pagination&quot;:{&quot;el&quot;:&quot;#bdt-prime-slider-192baf2 .bdt-pagination&quot;,&quot;type&quot;:&quot;fraction&quot;},&quot;navigation&quot;:{&quot;nextEl&quot;:&quot;#bdt-prime-slider-192baf2 .bdt-button-next&quot;,&quot;prevEl&quot;:&quot;#bdt-prime-slider-192baf2 .bdt-button-prev&quot;}}\">\n\t\t<div class=\"bdt-main-slider swiper\" role=\"region\" aria-roledescription=\"carousel\" aria-label=\"Sniper Slider\" dir=\"ltr\">\n\t\t\t<div class=\"bdt-ps-iamge-overlay\"><\/div>\n\t\t\t<div class=\"bdt-grid-line\">\n\t\t\t\t<span><\/span>\n\t\t\t\t<span><\/span>\n\t\t\t\t<span><\/span>\n\t\t\t\t<span><\/span>\n\t\t\t<\/div>\n\t\t\t<div class=\"swiper-wrapper\">\n\t\t\t\t\t<div class=\"bdt-item swiper-slide\">\n\t\t\t\t\n\t\t\t\t\t\t<div class=\"bdt-image-wrap\" >\n\t\t\t\t\t\t\t<img fetchpriority=\"high\" width=\"768\" height=\"627\" src=\"https:\/\/poloniarestaurant.co.uk\/wp-content\/uploads\/2023\/03\/polonia-frontage-superlow-768x627.jpg\" class=\"bdt-img\" alt=\"Witamy\" decoding=\"async\" srcset=\"https:\/\/poloniarestaurant.co.uk\/wp-content\/uploads\/2023\/03\/polonia-frontage-superlow-768x627.jpg 768w, https:\/\/poloniarestaurant.co.uk\/wp-content\/uploads\/2023\/03\/polonia-frontage-superlow-300x245.jpg 300w, https:\/\/poloniarestaurant.co.uk\/wp-content\/uploads\/2023\/03\/polonia-frontage-superlow-1024x836.jpg 1024w, https:\/\/poloniarestaurant.co.uk\/wp-content\/uploads\/2023\/03\/polonia-frontage-superlow-1536x1254.jpg 1536w, https:\/\/poloniarestaurant.co.uk\/wp-content\/uploads\/2023\/03\/polonia-frontage-superlow.jpg 1694w\" sizes=\"(max-width: 768px) 100vw, 768px\" \/>\t\t\t\t\t\t<\/div>\n\t\t\t\t\t\t\t\t\t<\/div>\n\n        \t\t\t<div class=\"bdt-item swiper-slide\">\n\t\t\t\t\n\t\t\t\t\t\t<div class=\"bdt-image-wrap\" >\n\t\t\t\t\t\t\t<img width=\"768\" height=\"576\" src=\"https:\/\/poloniarestaurant.co.uk\/wp-content\/uploads\/2023\/02\/galeria-1-768x576.jpg\" class=\"bdt-img\" alt=\"Na zewn\u0105trz\" decoding=\"async\" srcset=\"https:\/\/poloniarestaurant.co.uk\/wp-content\/uploads\/2023\/02\/galeria-1-768x576.jpg 768w, https:\/\/poloniarestaurant.co.uk\/wp-content\/uploads\/2023\/02\/galeria-1-300x225.jpg 300w, https:\/\/poloniarestaurant.co.uk\/wp-content\/uploads\/2023\/02\/galeria-1-1024x768.jpg 1024w, https:\/\/poloniarestaurant.co.uk\/wp-content\/uploads\/2023\/02\/galeria-1.jpg 1440w\" sizes=\"(max-width: 768px) 100vw, 768px\" \/>\t\t\t\t\t\t<\/div>\n\t\t\t\t\t\t\t\t\t<\/div>\n\n        \t\t\t<div class=\"bdt-item swiper-slide\">\n\t\t\t\t\n\t\t\t\t\t\t<div class=\"bdt-image-wrap\" >\n\t\t\t\t\t\t\t<img loading=\"lazy\" width=\"768\" height=\"576\" src=\"https:\/\/poloniarestaurant.co.uk\/wp-content\/uploads\/2023\/02\/20170609_212247-768x576.jpg\" class=\"bdt-img\" alt=\"Wej\u015bcie\" decoding=\"async\" srcset=\"https:\/\/poloniarestaurant.co.uk\/wp-content\/uploads\/2023\/02\/20170609_212247-768x576.jpg 768w, https:\/\/poloniarestaurant.co.uk\/wp-content\/uploads\/2023\/02\/20170609_212247-300x225.jpg 300w, https:\/\/poloniarestaurant.co.uk\/wp-content\/uploads\/2023\/02\/20170609_212247-1024x768.jpg 1024w, https:\/\/poloniarestaurant.co.uk\/wp-content\/uploads\/2023\/02\/20170609_212247.jpg 1440w\" sizes=\"(max-width: 768px) 100vw, 768px\" \/>\t\t\t\t\t\t<\/div>\n\t\t\t\t\t\t\t\t\t<\/div>\n\n        \t\t\t<div class=\"bdt-item swiper-slide\">\n\t\t\t\t\n\t\t\t\t\t\t<div class=\"bdt-image-wrap\" >\n\t\t\t\t\t\t\t<img loading=\"lazy\" width=\"768\" height=\"576\" src=\"https:\/\/poloniarestaurant.co.uk\/wp-content\/uploads\/2023\/02\/20170609_213502-768x576.jpg\" class=\"bdt-img\" alt=\"Bar\" decoding=\"async\" srcset=\"https:\/\/poloniarestaurant.co.uk\/wp-content\/uploads\/2023\/02\/20170609_213502-768x576.jpg 768w, https:\/\/poloniarestaurant.co.uk\/wp-content\/uploads\/2023\/02\/20170609_213502-300x225.jpg 300w, https:\/\/poloniarestaurant.co.uk\/wp-content\/uploads\/2023\/02\/20170609_213502-1024x768.jpg 1024w, https:\/\/poloniarestaurant.co.uk\/wp-content\/uploads\/2023\/02\/20170609_213502.jpg 1440w\" sizes=\"(max-width: 768px) 100vw, 768px\" \/>\t\t\t\t\t\t<\/div>\n\t\t\t\t\t\t\t\t\t<\/div>\n\n        \t\t\t<div class=\"bdt-item swiper-slide\">\n\t\t\t\t\n\t\t\t\t\t\t<div class=\"bdt-image-wrap\" >\n\t\t\t\t\t\t\t<img loading=\"lazy\" width=\"768\" height=\"576\" src=\"https:\/\/poloniarestaurant.co.uk\/wp-content\/uploads\/2023\/02\/20170609_212235-768x576.jpg\" class=\"bdt-img\" alt=\"Sala dolna\" decoding=\"async\" srcset=\"https:\/\/poloniarestaurant.co.uk\/wp-content\/uploads\/2023\/02\/20170609_212235-768x576.jpg 768w, https:\/\/poloniarestaurant.co.uk\/wp-content\/uploads\/2023\/02\/20170609_212235-300x225.jpg 300w, https:\/\/poloniarestaurant.co.uk\/wp-content\/uploads\/2023\/02\/20170609_212235-1024x768.jpg 1024w, https:\/\/poloniarestaurant.co.uk\/wp-content\/uploads\/2023\/02\/20170609_212235.jpg 1440w\" sizes=\"(max-width: 768px) 100vw, 768px\" \/>\t\t\t\t\t\t<\/div>\n\t\t\t\t\t\t\t\t\t<\/div>\n\n        \t\t\t<div class=\"bdt-item swiper-slide\">\n\t\t\t\t\n\t\t\t\t\t\t<div class=\"bdt-image-wrap\" >\n\t\t\t\t\t\t\t<img loading=\"lazy\" width=\"720\" height=\"540\" src=\"https:\/\/poloniarestaurant.co.uk\/wp-content\/uploads\/2023\/03\/sala-gorna.jpg\" class=\"bdt-img\" alt=\"Sala g\u00f3rna\" decoding=\"async\" srcset=\"https:\/\/poloniarestaurant.co.uk\/wp-content\/uploads\/2023\/03\/sala-gorna.jpg 720w, https:\/\/poloniarestaurant.co.uk\/wp-content\/uploads\/2023\/03\/sala-gorna-300x225.jpg 300w\" sizes=\"(max-width: 720px) 100vw, 720px\" \/>\t\t\t\t\t\t<\/div>\n\t\t\t\t\t\t\t\t\t<\/div>\n\n         \n\t\t\t\t<\/div>\n\n\t\t\t\t\t\t\t\t<div class=\"bdt-pagination-wrap\">\n                    <div class=\"bdt-pagination\"><\/div>\n                    <div class=\"swiper-scrollbar\"><\/div>\n                <\/div>\n\t\t\t\t\n\t\t\t<\/div>\n\t\t\t<div thumbsSlider=\"\" class=\"bdt-thumbs-slider\">\n                <div class=\"swiper-wrapper\">\n\n\t\t\t\t\t\t\t\t\t<div class=\"swiper-slide bdt-item\">\n                        <div class=\"bdt-content\">\n\n\t\t\t\t\t\t\t\n\t\t\t\t\t\t\t\t\t\t\t\t\t\t\t<h1 class=\"bdt-title\">\n\t\t\t\t\t\t\t\t\t\t\t\t\t\t\t\t\t\t\t<span class=\"frist-word\">Witamy<\/span> \t\t\t\t\t\t\t\t\t\t\t\t\t\t\t\t\t\t<\/h1>\n\t\t\t\t\t\t\t\t\t\t\t\t\t\n                        <\/div>\n                    <\/div>\n\t\t\t\t\t\t\t\t\t<div class=\"swiper-slide bdt-item\">\n                        <div class=\"bdt-content\">\n\n\t\t\t\t\t\t\t\n\t\t\t\t\t\t\t\t\t\t\t\t\t\t\t<h1 class=\"bdt-title\">\n\t\t\t\t\t\t\t\t\t\t\t\t\t\t\t\t\t\t\t<span class=\"frist-word\">Na<\/span> zewn\u0105trz\t\t\t\t\t\t\t\t\t\t\t\t\t\t\t\t\t\t<\/h1>\n\t\t\t\t\t\t\t\t\t\t\t\t\t\n                        <\/div>\n                    <\/div>\n\t\t\t\t\t\t\t\t\t<div class=\"swiper-slide bdt-item\">\n                        <div class=\"bdt-content\">\n\n\t\t\t\t\t\t\t\n\t\t\t\t\t\t\t\t\t\t\t\t\t\t\t<h1 class=\"bdt-title\">\n\t\t\t\t\t\t\t\t\t\t\t\t\t\t\t\t\t\t\t<span class=\"frist-word\">Wej\u015bcie<\/span> \t\t\t\t\t\t\t\t\t\t\t\t\t\t\t\t\t\t<\/h1>\n\t\t\t\t\t\t\t\t\t\t\t\t\t\n                        <\/div>\n                    <\/div>\n\t\t\t\t\t\t\t\t\t<div class=\"swiper-slide bdt-item\">\n                        <div class=\"bdt-content\">\n\n\t\t\t\t\t\t\t\n\t\t\t\t\t\t\t\t\t\t\t\t\t\t\t<h1 class=\"bdt-title\">\n\t\t\t\t\t\t\t\t\t\t\t\t\t\t\t\t\t\t\t<span class=\"frist-word\">Bar<\/span> \t\t\t\t\t\t\t\t\t\t\t\t\t\t\t\t\t\t<\/h1>\n\t\t\t\t\t\t\t\t\t\t\t\t\t\n                        <\/div>\n                    <\/div>\n\t\t\t\t\t\t\t\t\t<div class=\"swiper-slide bdt-item\">\n                        <div class=\"bdt-content\">\n\n\t\t\t\t\t\t\t\n\t\t\t\t\t\t\t\t\t\t\t\t\t\t\t<h1 class=\"bdt-title\">\n\t\t\t\t\t\t\t\t\t\t\t\t\t\t\t\t\t\t\t<span class=\"frist-word\">Sala<\/span> dolna\t\t\t\t\t\t\t\t\t\t\t\t\t\t\t\t\t\t<\/h1>\n\t\t\t\t\t\t\t\t\t\t\t\t\t\n                        <\/div>\n                    <\/div>\n\t\t\t\t\t\t\t\t\t<div class=\"swiper-slide bdt-item\">\n                        <div class=\"bdt-content\">\n\n\t\t\t\t\t\t\t\n\t\t\t\t\t\t\t\t\t\t\t\t\t\t\t<h1 class=\"bdt-title\">\n\t\t\t\t\t\t\t\t\t\t\t\t\t\t\t\t\t\t\t<span class=\"frist-word\">Sala<\/span> g\u00f3rna\t\t\t\t\t\t\t\t\t\t\t\t\t\t\t\t\t\t<\/h1>\n\t\t\t\t\t\t\t\t\t\t\t\t\t\n                        <\/div>\n                    <\/div>\n\t\t\t\t\n                <\/div>\n            <\/div>\n\n\t\t\t            <div class=\"bdt-navigation-wrap\">\n                <div class=\"bdt-nav-btn bdt-button-next\">\n                    <svg xmlns=\"http:\/\/www.w3.org\/2000\/svg\" width=\"16\" height=\"16\" fill=\"currentColor\" class=\"bi bi-caret-right-fill\" viewBox=\"0 0 16 16\">\n                        <path d=\"m12.14 8.753-5.482 4.796c-.646.566-1.658.106-1.658-.753V3.204a1 1 0 0 1 1.659-.753l5.48 4.796a1 1 0 0 1 0 1.506z\"\/>\n                      <\/svg>\n                <\/div>\n                <div class=\"bdt-nav-btn bdt-button-prev\">\n                    <svg xmlns=\"http:\/\/www.w3.org\/2000\/svg\" width=\"16\" height=\"16\" fill=\"currentColor\" class=\"bi bi-caret-left-fill\" viewBox=\"0 0 16 16\">\n                        <path d=\"m3.86 8.753 5.482 4.796c.646.566 1.658.106 1.658-.753V3.204a1 1 0 0 0-1.659-.753l-5.48 4.796a1 1 0 0 0 0 1.506z\"\/>\n                      <\/svg>\n                <\/div>\n            <\/div>\n\t\t\t\t\t<\/div>\n\t\t\t\t<\/div>\n\t\t\t\t<\/div>\n\t\t\t\t\t<\/div>\n\t\t<\/div>\n\t\t\t\t\t<\/div>\n\t\t<\/section>\n\t\t\t\t<\/div>\n\t\t","protected":false},"excerpt":{"rendered":"<p>Witamy Na zewn\u0105trz Wej\u015bcie Bar Sala dolna Sala g\u00f3rna<\/p>\n","protected":false},"author":1,"featured_media":0,"parent":880,"menu_order":0,"comment_status":"closed","ping_status":"closed","template":"","meta":{"site-sidebar-layout":"no-sidebar","site-content-layout":"page-builder","ast-site-content-layout":"","site-content-style":"default","site-sidebar-style":"default","ast-global-header-display":"","ast-banner-title-visibility":"","ast-main-header-display":"","ast-hfb-above-header-display":"","ast-hfb-below-header-display":"","ast-hfb-mobile-header-display":"","site-post-title":"disabled","ast-breadcrumbs-content":"","ast-featured-img":"disabled","footer-sml-layout":"","theme-transparent-header-meta":"","adv-header-id-meta":"","stick-header-meta":"","header-above-stick-meta":"","header-main-stick-meta":"","header-below-stick-meta":"","astra-migrate-meta-layouts":"","ast-page-background-enabled":"default","ast-page-background-meta":{"desktop":{"background-color":"var(--ast-global-color-4)","background-image":"","background-repeat":"repeat","background-position":"center center","background-size":"auto","background-attachment":"scroll","background-type":"","background-media":"","overlay-type":"","overlay-color":"","overlay-gradient":""},"tablet":{"background-color":"","background-image":"","background-repeat":"repeat","background-position":"center center","background-size":"auto","background-attachment":"scroll","background-type":"","background-media":"","overlay-type":"","overlay-color":"","overlay-gradient":""},"mobile":{"background-color":"","background-image":"","background-repeat":"repeat","background-position":"center center","background-size":"auto","background-attachment":"scroll","background-type":"","background-media":"","overlay-type":"","overlay-color":"","overlay-gradient":""}},"ast-content-background-meta":{"desktop":{"background-color":"var(--ast-global-color-5)","background-image":"","background-repeat":"repeat","background-position":"center center","background-size":"auto","background-attachment":"scroll","background-type":"","background-media":"","overlay-type":"","overlay-color":"","overlay-gradient":""},"tablet":{"background-color":"var(--ast-global-color-5)","background-image":"","background-repeat":"repeat","background-position":"center center","background-size":"auto","background-attachment":"scroll","background-type":"","background-media":"","overlay-type":"","overlay-color":"","overlay-gradient":""},"mobile":{"background-color":"var(--ast-global-color-5)","background-image":"","background-repeat":"repeat","background-position":"center center","background-size":"auto","background-attachment":"scroll","background-type":"","background-media":"","overlay-type":"","overlay-color":"","overlay-gradient":""}},"footnotes":""},"_links":{"self":[{"href":"https:\/\/poloniarestaurant.co.uk\/index.php?rest_route=\/wp\/v2\/pages\/1204"}],"collection":[{"href":"https:\/\/poloniarestaurant.co.uk\/index.php?rest_route=\/wp\/v2\/pages"}],"about":[{"href":"https:\/\/poloniarestaurant.co.uk\/index.php?rest_route=\/wp\/v2\/types\/page"}],"author":[{"embeddable":true,"href":"https:\/\/poloniarestaurant.co.uk\/index.php?rest_route=\/wp\/v2\/users\/1"}],"replies":[{"embeddable":true,"href":"https:\/\/poloniarestaurant.co.uk\/index.php?rest_route=%2Fwp%2Fv2%2Fcomments&post=1204"}],"version-history":[{"count":22,"href":"https:\/\/poloniarestaurant.co.uk\/index.php?rest_route=\/wp\/v2\/pages\/1204\/revisions"}],"predecessor-version":[{"id":1235,"href":"https:\/\/poloniarestaurant.co.uk\/index.php?rest_route=\/wp\/v2\/pages\/1204\/revisions\/1235"}],"up":[{"embeddable":true,"href":"https:\/\/poloniarestaurant.co.uk\/index.php?rest_route=\/wp\/v2\/pages\/880"}],"wp:attachment":[{"href":"https:\/\/poloniarestaurant.co.uk\/index.php?rest_route=%2Fwp%2Fv2%2Fmedia&parent=1204"}],"curies":[{"name":"wp","href":"https:\/\/api.w.org\/{rel}","templated":true}]}}