{"id":880,"date":"2023-02-16T19:29:19","date_gmt":"2023-02-16T19:29:19","guid":{"rendered":"https:\/\/poloniarestaurant.co.uk\/?page_id=880"},"modified":"2023-10-26T09:36:36","modified_gmt":"2023-10-26T09:36:36","slug":"info-restauracja-2","status":"publish","type":"page","link":"https:\/\/poloniarestaurant.co.uk\/?page_id=880","title":{"rendered":"Restauracja"},"content":{"rendered":"\t\t<div data-elementor-type=\"wp-page\" data-elementor-id=\"880\" class=\"elementor elementor-880\">\n\t\t\t\t\t\t<section class=\"elementor-section elementor-top-section elementor-element elementor-element-cf43eae elementor-hidden-tablet elementor-hidden-mobile elementor-section-boxed elementor-section-height-default elementor-section-height-default\" data-id=\"cf43eae\" data-element_type=\"section\" data-settings=\"{&quot;background_background&quot;:&quot;classic&quot;}\">\n\t\t\t\t\t\t\t<div class=\"elementor-background-overlay\"><\/div>\n\t\t\t\t\t\t\t<div class=\"elementor-container elementor-column-gap-default\">\n\t\t\t\t\t<div class=\"elementor-column elementor-col-100 elementor-top-column elementor-element elementor-element-9ed54d1\" data-id=\"9ed54d1\" data-element_type=\"column\">\n\t\t\t<div class=\"elementor-widget-wrap elementor-element-populated\">\n\t\t\t\t\t\t<div class=\"elementor-element elementor-element-a0f13bd elementor-hidden-tablet elementor-hidden-mobile elementor-widget elementor-widget-spacer\" data-id=\"a0f13bd\" data-element_type=\"widget\" data-widget_type=\"spacer.default\">\n\t\t\t\t<div class=\"elementor-widget-container\">\n\t\t\t<style>\/*! elementor - v3.20.0 - 26-03-2024 *\/\n.elementor-column .elementor-spacer-inner{height:var(--spacer-size)}.e-con{--container-widget-width:100%}.e-con-inner>.elementor-widget-spacer,.e-con>.elementor-widget-spacer{width:var(--container-widget-width,var(--spacer-size));--align-self:var(--container-widget-align-self,initial);--flex-shrink:0}.e-con-inner>.elementor-widget-spacer>.elementor-widget-container,.e-con>.elementor-widget-spacer>.elementor-widget-container{height:100%;width:100%}.e-con-inner>.elementor-widget-spacer>.elementor-widget-container>.elementor-spacer,.e-con>.elementor-widget-spacer>.elementor-widget-container>.elementor-spacer{height:100%}.e-con-inner>.elementor-widget-spacer>.elementor-widget-container>.elementor-spacer>.elementor-spacer-inner,.e-con>.elementor-widget-spacer>.elementor-widget-container>.elementor-spacer>.elementor-spacer-inner{height:var(--container-widget-height,var(--spacer-size))}.e-con-inner>.elementor-widget-spacer.elementor-widget-empty,.e-con>.elementor-widget-spacer.elementor-widget-empty{position:relative;min-height:22px;min-width:22px}.e-con-inner>.elementor-widget-spacer.elementor-widget-empty .elementor-widget-empty-icon,.e-con>.elementor-widget-spacer.elementor-widget-empty .elementor-widget-empty-icon{position:absolute;top:0;bottom:0;left:0;right:0;margin:auto;padding:0;width:22px;height:22px}<\/style>\t\t<div class=\"elementor-spacer\">\n\t\t\t<div class=\"elementor-spacer-inner\"><\/div>\n\t\t<\/div>\n\t\t\t\t<\/div>\n\t\t\t\t<\/div>\n\t\t\t\t\t<\/div>\n\t\t<\/div>\n\t\t\t\t\t<\/div>\n\t\t<\/section>\n\t\t\t\t<section class=\"elementor-section elementor-top-section elementor-element elementor-element-05c4f46 elementor-section-boxed elementor-section-height-default elementor-section-height-default\" data-id=\"05c4f46\" data-element_type=\"section\">\n\t\t\t\t\t\t<div class=\"elementor-container elementor-column-gap-default\">\n\t\t\t\t\t<div class=\"elementor-column elementor-col-100 elementor-top-column elementor-element elementor-element-3f6c067\" data-id=\"3f6c067\" data-element_type=\"column\">\n\t\t\t<div class=\"elementor-widget-wrap elementor-element-populated\">\n\t\t\t\t\t\t<div class=\"elementor-element elementor-element-a63ec0a elementor-hidden-desktop elementor-hidden-tablet elementor-widget elementor-widget-image\" data-id=\"a63ec0a\" data-element_type=\"widget\" data-widget_type=\"image.default\">\n\t\t\t\t<div class=\"elementor-widget-container\">\n\t\t\t<style>\/*! elementor - v3.20.0 - 26-03-2024 *\/\n.elementor-widget-image{text-align:center}.elementor-widget-image a{display:inline-block}.elementor-widget-image a img[src$=\".svg\"]{width:48px}.elementor-widget-image img{vertical-align:middle;display:inline-block}<\/style>\t\t\t\t\t\t\t\t\t\t<img decoding=\"async\" width=\"120\" height=\"108\" src=\"https:\/\/poloniarestaurant.co.uk\/wp-content\/uploads\/2023\/02\/polonia-logo-srednie-e1676576640315.png\" class=\"attachment-large size-large wp-image-284\" alt=\"U\u015bmi\u0119chi\u0119ty polski kucharz. Logo restauracji Polonia w Tipton - Midlands, UK\" \/>\t\t\t\t\t\t\t\t\t\t\t\t\t<\/div>\n\t\t\t\t<\/div>\n\t\t\t\t\t<\/div>\n\t\t<\/div>\n\t\t\t\t\t<\/div>\n\t\t<\/section>\n\t\t\t\t<section class=\"elementor-section elementor-top-section elementor-element elementor-element-bd1b36f elementor-section-full_width elementor-section-content-middle elementor-section-height-default elementor-section-height-default\" data-id=\"bd1b36f\" data-element_type=\"section\" data-settings=\"{&quot;background_background&quot;:&quot;gradient&quot;}\">\n\t\t\t\t\t\t\t<div class=\"elementor-background-overlay\"><\/div>\n\t\t\t\t\t\t\t<div class=\"elementor-container elementor-column-gap-no\">\n\t\t\t\t\t<div class=\"elementor-column elementor-col-100 elementor-top-column elementor-element elementor-element-aec2720\" data-id=\"aec2720\" data-element_type=\"column\">\n\t\t\t<div class=\"elementor-widget-wrap elementor-element-populated\">\n\t\t\t\t\t\t<section class=\"elementor-section elementor-inner-section elementor-element elementor-element-346d3e5 elementor-hidden-tablet elementor-hidden-mobile elementor-section-boxed elementor-section-height-default elementor-section-height-default\" data-id=\"346d3e5\" data-element_type=\"section\">\n\t\t\t\t\t\t\t<div class=\"elementor-background-overlay\"><\/div>\n\t\t\t\t\t\t\t<div class=\"elementor-container elementor-column-gap-no\">\n\t\t\t\t\t<div class=\"elementor-column elementor-col-50 elementor-inner-column elementor-element elementor-element-568c5fa\" data-id=\"568c5fa\" data-element_type=\"column\">\n\t\t\t<div class=\"elementor-widget-wrap elementor-element-populated\">\n\t\t\t\t\t\t<div class=\"elementor-element elementor-element-dfd649e animated-slow elementor-widget elementor-widget-text-editor\" data-id=\"dfd649e\" data-element_type=\"widget\" data-settings=\"{&quot;_animation&quot;:&quot;none&quot;,&quot;_animation_delay&quot;:300}\" data-widget_type=\"text-editor.default\">\n\t\t\t\t<div class=\"elementor-widget-container\">\n\t\t\t<style>\/*! elementor - v3.20.0 - 26-03-2024 *\/\n.elementor-widget-text-editor.elementor-drop-cap-view-stacked .elementor-drop-cap{background-color:#69727d;color:#fff}.elementor-widget-text-editor.elementor-drop-cap-view-framed .elementor-drop-cap{color:#69727d;border:3px solid;background-color:transparent}.elementor-widget-text-editor:not(.elementor-drop-cap-view-default) .elementor-drop-cap{margin-top:8px}.elementor-widget-text-editor:not(.elementor-drop-cap-view-default) .elementor-drop-cap-letter{width:1em;height:1em}.elementor-widget-text-editor .elementor-drop-cap{float:left;text-align:center;line-height:1;font-size:50px}.elementor-widget-text-editor .elementor-drop-cap-letter{display:inline-block}<\/style>\t\t\t\t<h3>\u00a0<\/h3><h3 style=\"text-align: center;\">Poznaj nas bli\u017cej<\/h3><h3>Poni\u017csze linki pozwol\u0105 Ci znale\u017a\u0107 wi\u0119cej informacji na temat naszej oferty i\u00a0 tego jak si\u0119 z nami skontaktowa\u0107:<\/h3><h3 style=\"text-align: center;\"><a href=\"https:\/\/poloniarestaurant.co.uk\/?page_id=1334\">Katering<\/a><\/h3><h3 style=\"text-align: center;\"><a href=\"https:\/\/poloniarestaurant.co.uk\/?page_id=1204\">Zobacz w \u015brodku<\/a><\/h3><h3 style=\"text-align: center;\"><a href=\"https:\/\/poloniarestaurant.co.uk\/?page_id=1120\">Nasze kreacje<\/a><\/h3><h2>Serdecznie zapraszamy<\/h2><h5 align=\"center\">15A Market Square,<br \/>DY4 7AR Tipton<br \/>tel: 07955175902<\/h5><div>\u00a0<\/div>\t\t\t\t\t\t<\/div>\n\t\t\t\t<\/div>\n\t\t\t\t\t<\/div>\n\t\t<\/div>\n\t\t\t\t<div class=\"elementor-column elementor-col-50 elementor-inner-column elementor-element elementor-element-f2e53b5\" data-id=\"f2e53b5\" data-element_type=\"column\">\n\t\t\t<div class=\"elementor-widget-wrap elementor-element-populated\">\n\t\t\t\t\t\t<div class=\"elementor-element elementor-element-c28b715 elementor-widget elementor-widget-image\" data-id=\"c28b715\" data-element_type=\"widget\" data-widget_type=\"image.default\">\n\t\t\t\t<div class=\"elementor-widget-container\">\n\t\t\t\t\t\t\t\t\t\t\t\t\t<img fetchpriority=\"high\" decoding=\"async\" width=\"768\" height=\"627\" src=\"https:\/\/poloniarestaurant.co.uk\/wp-content\/uploads\/2023\/03\/polonia-frontage-superlow-768x627.jpg\" class=\"attachment-medium_large size-medium_large wp-image-1111\" alt=\"\" srcset=\"https:\/\/poloniarestaurant.co.uk\/wp-content\/uploads\/2023\/03\/polonia-frontage-superlow-768x627.jpg 768w, https:\/\/poloniarestaurant.co.uk\/wp-content\/uploads\/2023\/03\/polonia-frontage-superlow-300x245.jpg 300w, https:\/\/poloniarestaurant.co.uk\/wp-content\/uploads\/2023\/03\/polonia-frontage-superlow-1024x836.jpg 1024w, https:\/\/poloniarestaurant.co.uk\/wp-content\/uploads\/2023\/03\/polonia-frontage-superlow-1536x1254.jpg 1536w, https:\/\/poloniarestaurant.co.uk\/wp-content\/uploads\/2023\/03\/polonia-frontage-superlow.jpg 1694w\" sizes=\"(max-width: 768px) 100vw, 768px\" \/>\t\t\t\t\t\t\t\t\t\t\t\t\t<\/div>\n\t\t\t\t<\/div>\n\t\t\t\t\t<\/div>\n\t\t<\/div>\n\t\t\t\t\t<\/div>\n\t\t<\/section>\n\t\t\t\t<section class=\"elementor-section elementor-inner-section elementor-element elementor-element-c3a8534 elementor-hidden-desktop elementor-section-boxed elementor-section-height-default elementor-section-height-default\" data-id=\"c3a8534\" data-element_type=\"section\">\n\t\t\t\t\t\t\t<div class=\"elementor-background-overlay\"><\/div>\n\t\t\t\t\t\t\t<div class=\"elementor-container elementor-column-gap-no\">\n\t\t\t\t\t<div class=\"elementor-column elementor-col-50 elementor-inner-column elementor-element elementor-element-9e7dba6\" data-id=\"9e7dba6\" data-element_type=\"column\">\n\t\t\t<div class=\"elementor-widget-wrap elementor-element-populated\">\n\t\t\t\t\t\t<div class=\"elementor-element elementor-element-d986750 animated-slow elementor-widget elementor-widget-text-editor\" data-id=\"d986750\" data-element_type=\"widget\" data-settings=\"{&quot;_animation&quot;:&quot;none&quot;,&quot;_animation_delay&quot;:300}\" data-widget_type=\"text-editor.default\">\n\t\t\t\t<div class=\"elementor-widget-container\">\n\t\t\t\t\t\t\t<h3>\u00a0<\/h3><h3 style=\"text-align: center;\">Poznaj nas bli\u017cej<\/h3><h3>Poni\u017csze linki pozwol\u0105 Ci znale\u017a\u0107 wi\u0119cej informacji na temat naszej oferty i\u00a0 tego jak si\u0119 z nami skontaktowa\u0107:<\/h3><h3 style=\"text-align: center;\"><a href=\"https:\/\/poloniarestaurant.co.uk\/?page_id=1334\">Katering<\/a><\/h3><h3 style=\"text-align: center;\"><a href=\"https:\/\/poloniarestaurant.co.uk\/?page_id=1204\">Zobacz w \u015brodku<\/a><\/h3><h3 style=\"text-align: center;\"><a href=\"https:\/\/poloniarestaurant.co.uk\/?page_id=1120\">Nasze kreacje<\/a><\/h3><h2>Serdecznie zapraszamy<\/h2><h5 align=\"center\">15A Market Square,<br \/>DY4 7AR Tipton<br \/>tel: 07955175902<\/h5><div>\u00a0<\/div>\t\t\t\t\t\t<\/div>\n\t\t\t\t<\/div>\n\t\t\t\t\t<\/div>\n\t\t<\/div>\n\t\t\t\t<div class=\"elementor-column elementor-col-50 elementor-inner-column elementor-element elementor-element-49a4a01\" data-id=\"49a4a01\" data-element_type=\"column\">\n\t\t\t<div class=\"elementor-widget-wrap elementor-element-populated\">\n\t\t\t\t\t\t<div class=\"elementor-element elementor-element-d068728 elementor-widget elementor-widget-image\" data-id=\"d068728\" data-element_type=\"widget\" data-widget_type=\"image.default\">\n\t\t\t\t<div class=\"elementor-widget-container\">\n\t\t\t\t\t\t\t\t\t\t\t\t\t<img fetchpriority=\"high\" decoding=\"async\" width=\"768\" height=\"627\" src=\"https:\/\/poloniarestaurant.co.uk\/wp-content\/uploads\/2023\/03\/polonia-frontage-superlow-768x627.jpg\" class=\"attachment-medium_large size-medium_large wp-image-1111\" alt=\"\" srcset=\"https:\/\/poloniarestaurant.co.uk\/wp-content\/uploads\/2023\/03\/polonia-frontage-superlow-768x627.jpg 768w, https:\/\/poloniarestaurant.co.uk\/wp-content\/uploads\/2023\/03\/polonia-frontage-superlow-300x245.jpg 300w, https:\/\/poloniarestaurant.co.uk\/wp-content\/uploads\/2023\/03\/polonia-frontage-superlow-1024x836.jpg 1024w, https:\/\/poloniarestaurant.co.uk\/wp-content\/uploads\/2023\/03\/polonia-frontage-superlow-1536x1254.jpg 1536w, https:\/\/poloniarestaurant.co.uk\/wp-content\/uploads\/2023\/03\/polonia-frontage-superlow.jpg 1694w\" sizes=\"(max-width: 768px) 100vw, 768px\" \/>\t\t\t\t\t\t\t\t\t\t\t\t\t<\/div>\n\t\t\t\t<\/div>\n\t\t\t\t\t<\/div>\n\t\t<\/div>\n\t\t\t\t\t<\/div>\n\t\t<\/section>\n\t\t\t\t\t<\/div>\n\t\t<\/div>\n\t\t\t\t\t<\/div>\n\t\t<\/section>\n\t\t\t\t<\/div>\n\t\t","protected":false},"excerpt":{"rendered":"<p>\u00a0 Poznaj nas bli\u017cej Poni\u017csze linki pozwol\u0105 Ci znale\u017a\u0107 wi\u0119cej informacji na temat naszej oferty i\u00a0 tego jak si\u0119 z nami skontaktowa\u0107: Katering Zobacz w \u015brodku Nasze kreacje Serdecznie zapraszamy 15A Market Square,DY4 7AR Tiptontel: 07955175902 \u00a0 \u00a0 Poznaj nas bli\u017cej Poni\u017csze linki pozwol\u0105 Ci znale\u017a\u0107 wi\u0119cej informacji na temat naszej oferty i\u00a0 tego jak &hellip;<\/p>\n<p class=\"read-more\"> <a class=\"\" href=\"https:\/\/poloniarestaurant.co.uk\/?page_id=880\"> <span class=\"screen-reader-text\">Restauracja<\/span> Read More &raquo;<\/a><\/p>\n","protected":false},"author":1,"featured_media":0,"parent":0,"menu_order":0,"comment_status":"closed","ping_status":"closed","template":"","meta":{"site-sidebar-layout":"no-sidebar","site-content-layout":"page-builder","ast-site-content-layout":"","site-content-style":"default","site-sidebar-style":"default","ast-global-header-display":"","ast-banner-title-visibility":"","ast-main-header-display":"","ast-hfb-above-header-display":"","ast-hfb-below-header-display":"","ast-hfb-mobile-header-display":"","site-post-title":"disabled","ast-breadcrumbs-content":"","ast-featured-img":"disabled","footer-sml-layout":"","theme-transparent-header-meta":"","adv-header-id-meta":"","stick-header-meta":"","header-above-stick-meta":"","header-main-stick-meta":"","header-below-stick-meta":"","astra-migrate-meta-layouts":"","ast-page-background-enabled":"default","ast-page-background-meta":{"desktop":{"background-color":"var(--ast-global-color-4)","background-image":"","background-repeat":"repeat","background-position":"center center","background-size":"auto","background-attachment":"scroll","background-type":"","background-media":"","overlay-type":"","overlay-color":"","overlay-gradient":""},"tablet":{"background-color":"","background-image":"","background-repeat":"repeat","background-position":"center center","background-size":"auto","background-attachment":"scroll","background-type":"","background-media":"","overlay-type":"","overlay-color":"","overlay-gradient":""},"mobile":{"background-color":"","background-image":"","background-repeat":"repeat","background-position":"center center","background-size":"auto","background-attachment":"scroll","background-type":"","background-media":"","overlay-type":"","overlay-color":"","overlay-gradient":""}},"ast-content-background-meta":{"desktop":{"background-color":"var(--ast-global-color-5)","background-image":"","background-repeat":"repeat","background-position":"center center","background-size":"auto","background-attachment":"scroll","background-type":"","background-media":"","overlay-type":"","overlay-color":"","overlay-gradient":""},"tablet":{"background-color":"var(--ast-global-color-5)","background-image":"","background-repeat":"repeat","background-position":"center center","background-size":"auto","background-attachment":"scroll","background-type":"","background-media":"","overlay-type":"","overlay-color":"","overlay-gradient":""},"mobile":{"background-color":"var(--ast-global-color-5)","background-image":"","background-repeat":"repeat","background-position":"center center","background-size":"auto","background-attachment":"scroll","background-type":"","background-media":"","overlay-type":"","overlay-color":"","overlay-gradient":""}},"footnotes":""},"_links":{"self":[{"href":"https:\/\/poloniarestaurant.co.uk\/index.php?rest_route=\/wp\/v2\/pages\/880"}],"collection":[{"href":"https:\/\/poloniarestaurant.co.uk\/index.php?rest_route=\/wp\/v2\/pages"}],"about":[{"href":"https:\/\/poloniarestaurant.co.uk\/index.php?rest_route=\/wp\/v2\/types\/page"}],"author":[{"embeddable":true,"href":"https:\/\/poloniarestaurant.co.uk\/index.php?rest_route=\/wp\/v2\/users\/1"}],"replies":[{"embeddable":true,"href":"https:\/\/poloniarestaurant.co.uk\/index.php?rest_route=%2Fwp%2Fv2%2Fcomments&post=880"}],"version-history":[{"count":101,"href":"https:\/\/poloniarestaurant.co.uk\/index.php?rest_route=\/wp\/v2\/pages\/880\/revisions"}],"predecessor-version":[{"id":1383,"href":"https:\/\/poloniarestaurant.co.uk\/index.php?rest_route=\/wp\/v2\/pages\/880\/revisions\/1383"}],"wp:attachment":[{"href":"https:\/\/poloniarestaurant.co.uk\/index.php?rest_route=%2Fwp%2Fv2%2Fmedia&parent=880"}],"curies":[{"name":"wp","href":"https:\/\/api.w.org\/{rel}","templated":true}]}}